{"id":418,"date":"2024-09-23T13:50:46","date_gmt":"2024-09-23T11:50:46","guid":{"rendered":"https:\/\/osakabuilding.com\/?page_id=418"},"modified":"2025-04-12T07:39:39","modified_gmt":"2025-04-12T05:39:39","slug":"terminos-y-condiciones","status":"publish","type":"page","link":"https:\/\/osakabuilding.com\/eng\/terminos-y-condiciones\/","title":{"rendered":"Terms and Conditions"},"content":{"rendered":"<div data-elementor-type=\"wp-page\" data-elementor-id=\"418\" class=\"elementor elementor-418\">\n\t\t\t\t<div class=\"elementor-element elementor-element-c9f3cd7 e-flex e-con-boxed e-con e-parent\" data-id=\"c9f3cd7\" data-element_type=\"container\" data-settings=\"{&quot;background_background&quot;:&quot;classic&quot;}\">\n\t\t\t\t\t<div class=\"e-con-inner\">\n\t\t<div class=\"elementor-element elementor-element-4f133c6 e-con-full e-flex e-con e-child\" data-id=\"4f133c6\" data-element_type=\"container\">\n\t\t<div class=\"elementor-element elementor-element-9dff77a e-con-full e-flex e-con e-child\" data-id=\"9dff77a\" data-element_type=\"container\" data-settings=\"{&quot;background_background&quot;:&quot;classic&quot;}\">\n\t\t<div class=\"elementor-element elementor-element-a18412e e-flex e-con-boxed e-con e-child\" data-id=\"a18412e\" data-element_type=\"container\" data-settings=\"{&quot;background_background&quot;:&quot;classic&quot;}\">\n\t\t\t\t\t<div class=\"e-con-inner\">\n\t\t\t\t<div class=\"elementor-element elementor-element-762b2c9 elementor-widget elementor-widget-heading\" data-id=\"762b2c9\" data-element_type=\"widget\" data-widget_type=\"heading.default\">\n\t\t\t\t<div class=\"elementor-widget-container\">\n\t\t\t\t\t<h2 class=\"elementor-heading-title elementor-size-default\">Terms and Conditions<\/h2>\t\t\t\t<\/div>\n\t\t\t\t<\/div>\n\t\t\t\t\t<\/div>\n\t\t\t\t<\/div>\n\t\t\t\t<\/div>\n\t\t\t\t<\/div>\n\t\t\t\t\t<\/div>\n\t\t\t\t<\/div>\n\t\t<div class=\"elementor-element elementor-element-48b81b6 e-con-full e-flex e-con e-parent\" data-id=\"48b81b6\" data-element_type=\"container\" data-settings=\"{&quot;background_background&quot;:&quot;classic&quot;}\">\n\t\t\t\t<div class=\"elementor-element elementor-element-bf0197c elementor-widget elementor-widget-heading\" data-id=\"bf0197c\" data-element_type=\"widget\" data-widget_type=\"heading.default\">\n\t\t\t\t<div class=\"elementor-widget-container\">\n\t\t\t\t\t<p class=\"elementor-heading-title elementor-size-default\">Bienvenido a Osaka Building. <br>\n <br>Si contin\u00faa navegando y utilizando este sitio web, acepta cumplir y estar sujeto a los siguientes t\u00e9rminos y condiciones de uso, que junto con nuestra pol\u00edtica de privacidad rigen la relaci\u00f3n de Osaka Building con usted en relaci\u00f3n con este sitio web.<br>\n\n<br>El t\u00e9rmino Osaka Building o \"nosotros\" se refiere al propietario del sitio web.  <br>\n \n<br>El t\u00e9rmino \"usted\" se refiere al usuario o visitante de nuestro sitio web. El uso de este sitio web est\u00e1 sujeto a los siguientes t\u00e9rminos de uso:<br>\n\n<br>El contenido de las p\u00e1ginas de este sitio web es solo para su informaci\u00f3n y uso general. Est\u00e1 sujeto a cambios sin previo aviso.<br>\n\n<br>Ni nosotros ni ning\u00fan tercero brindamos garant\u00eda alguna en cuanto a la precisi\u00f3n, puntualidad, rendimiento, integridad o idoneidad de la informaci\u00f3n y los materiales que se encuentran u ofrecen en este sitio web para un prop\u00f3sito particular.  <br>\n\n<br>Usted reconoce que dicha informaci\u00f3n y materiales pueden contener imprecisiones o errores y excluimos expresamente la responsabilidad por dichas imprecisiones o errores en la m\u00e1xima medida permitida por la ley.<br>\n\n<br>El uso que usted haga de cualquier informaci\u00f3n o material de este sitio web se realiza bajo su propio riesgo, por lo que no seremos responsables.  <br>\n\n<br>Ser\u00e1 su responsabilidad asegurarse de que los productos, servicios o informaci\u00f3n disponibles a trav\u00e9s de este sitio web cumplan con sus requisitos espec\u00edficos. <br>\n \n<br>Este sitio web contiene material que es de nuestra propiedad o que nos ha sido otorgado bajo licencia. Este material incluye, entre otros, el dise\u00f1o, la disposici\u00f3n, el aspecto, la apariencia y los gr\u00e1ficos.  <br>\n<br>Se proh\u00edbe la reproducci\u00f3n salvo que se ajuste a lo establecido en el aviso de derechos de autor, que forma parte de estos t\u00e9rminos y condiciones. <br>\n\n <br>Todas las marcas comerciales reproducidas en este sitio web, que no sean propiedad del operador ni est\u00e9n bajo licencia del mismo, se reconocen en el sitio web.<br>\n<br>El uso no autorizado de este sitio web puede dar lugar a una reclamaci\u00f3n por da\u00f1os y perjuicios y\/o constituir un delito penal.<br>\n\n<br>De vez en cuando, este sitio web tambi\u00e9n puede incluir enlaces a otros sitios web. Estos enlaces se proporcionan para su conveniencia a fin de proporcionar m\u00e1s informaci\u00f3n. No significan que avalamos el sitio web. No tenemos ninguna responsabilidad por el contenido del sitio web vinculado.<br>\n\n<br>No puede crear un enlace a este sitio web desde otro sitio web o documento sin el consentimiento previo por escrito de Osaka Building.<\/p>\t\t\t\t<\/div>\n\t\t\t\t<\/div>\n\t\t\t\t<\/div>\n\t\t\t\t<\/div>","protected":false},"excerpt":{"rendered":"<p>TERMINOS Y CONDICIONES Bienvenido a Osaka Building. Si contin\u00faa navegando y utilizando este sitio web, acepta cumplir y estar sujeto [&hellip;]<\/p>","protected":false},"author":1,"featured_media":0,"parent":0,"menu_order":0,"comment_status":"closed","ping_status":"closed","template":"elementor_header_footer","meta":{"_eb_attr":"","site-sidebar-layout":"no-sidebar","site-content-layout":"","ast-site-content-layout":"full-width-container","site-content-style":"default","site-sidebar-style":"default","ast-global-header-display":"","ast-banner-title-visibility":"","ast-main-header-display":"","ast-hfb-above-header-display":"","ast-hfb-below-header-display":"","ast-hfb-mobile-header-display":"","site-post-title":"disabled","ast-breadcrumbs-content":"","ast-featured-img":"disabled","footer-sml-layout":"","theme-transparent-header-meta":"","adv-header-id-meta":"","stick-header-meta":"","header-above-stick-meta":"","header-main-stick-meta":"","header-below-stick-meta":"","astra-migrate-meta-layouts":"default","ast-page-background-enabled":"default","ast-page-background-meta":{"desktop":{"background-color":"var(--ast-global-color-4)","background-image":"","background-repeat":"repeat","background-position":"center center","background-size":"auto","background-attachment":"scroll","background-type":"","background-media":"","overlay-type":"","overlay-color":"","overlay-opacity":"","overlay-gradient":""},"tablet":{"background-color":"","background-image":"","background-repeat":"repeat","background-position":"center center","background-size":"auto","background-attachment":"scroll","background-type":"","background-media":"","overlay-type":"","overlay-color":"","overlay-opacity":"","overlay-gradient":""},"mobile":{"background-color":"","background-image":"","background-repeat":"repeat","background-position":"center center","background-size":"auto","background-attachment":"scroll","background-type":"","background-media":"","overlay-type":"","overlay-color":"","overlay-opacity":"","overlay-gradient":""}},"ast-content-background-meta":{"desktop":{"background-color":"var(--ast-global-color-5)","background-image":"","background-repeat":"repeat","background-position":"center center","background-size":"auto","background-attachment":"scroll","background-type":"","background-media":"","overlay-type":"","overlay-color":"","overlay-opacity":"","overlay-gradient":""},"tablet":{"background-color":"var(--ast-global-color-5)","background-image":"","background-repeat":"repeat","background-position":"center center","background-size":"auto","background-attachment":"scroll","background-type":"","background-media":"","overlay-type":"","overlay-color":"","overlay-opacity":"","overlay-gradient":""},"mobile":{"background-color":"var(--ast-global-color-5)","background-image":"","background-repeat":"repeat","background-position":"center center","background-size":"auto","background-attachment":"scroll","background-type":"","background-media":"","overlay-type":"","overlay-color":"","overlay-opacity":"","overlay-gradient":""}},"_joinchat":[],"footnotes":""},"class_list":["post-418","page","type-page","status-publish","hentry"],"_links":{"self":[{"href":"https:\/\/osakabuilding.com\/eng\/wp-json\/wp\/v2\/pages\/418","targetHints":{"allow":["GET"]}}],"collection":[{"href":"https:\/\/osakabuilding.com\/eng\/wp-json\/wp\/v2\/pages"}],"about":[{"href":"https:\/\/osakabuilding.com\/eng\/wp-json\/wp\/v2\/types\/page"}],"author":[{"embeddable":true,"href":"https:\/\/osakabuilding.com\/eng\/wp-json\/wp\/v2\/users\/1"}],"replies":[{"embeddable":true,"href":"https:\/\/osakabuilding.com\/eng\/wp-json\/wp\/v2\/comments?post=418"}],"version-history":[{"count":25,"href":"https:\/\/osakabuilding.com\/eng\/wp-json\/wp\/v2\/pages\/418\/revisions"}],"predecessor-version":[{"id":2164,"href":"https:\/\/osakabuilding.com\/eng\/wp-json\/wp\/v2\/pages\/418\/revisions\/2164"}],"wp:attachment":[{"href":"https:\/\/osakabuilding.com\/eng\/wp-json\/wp\/v2\/media?parent=418"}],"curies":[{"name":"wp","href":"https:\/\/api.w.org\/{rel}","templated":true}]}}