{"id":414,"date":"2024-09-23T13:42:23","date_gmt":"2024-09-23T11:42:23","guid":{"rendered":"https:\/\/osakabuilding.com\/?page_id=414"},"modified":"2025-04-12T07:37:29","modified_gmt":"2025-04-12T05:37:29","slug":"descargos-de-responsabilidad","status":"publish","type":"page","link":"https:\/\/osakabuilding.com\/eng\/descargos-de-responsabilidad\/","title":{"rendered":"Disclaimers"},"content":{"rendered":"<div data-elementor-type=\"wp-page\" data-elementor-id=\"414\" class=\"elementor elementor-414\">\n\t\t\t\t<div class=\"elementor-element elementor-element-1ed90f2 e-con-full e-flex e-con e-parent\" data-id=\"1ed90f2\" data-element_type=\"container\" data-settings=\"{&quot;background_background&quot;:&quot;classic&quot;}\">\n\t\t<div class=\"elementor-element elementor-element-ab8149e e-flex e-con-boxed e-con e-child\" data-id=\"ab8149e\" data-element_type=\"container\" data-settings=\"{&quot;background_background&quot;:&quot;classic&quot;}\">\n\t\t\t\t\t<div class=\"e-con-inner\">\n\t\t\t\t<div class=\"elementor-element elementor-element-6af929b elementor-widget elementor-widget-heading\" data-id=\"6af929b\" data-element_type=\"widget\" data-widget_type=\"heading.default\">\n\t\t\t\t<div class=\"elementor-widget-container\">\n\t\t\t\t\t<h2 class=\"elementor-heading-title elementor-size-default\">Disclaimers<\/h2>\t\t\t\t<\/div>\n\t\t\t\t<\/div>\n\t\t\t\t\t<\/div>\n\t\t\t\t<\/div>\n\t\t\t\t<\/div>\n\t\t<div class=\"elementor-element elementor-element-76605c0 e-con-full e-flex e-con e-parent\" data-id=\"76605c0\" data-element_type=\"container\" data-settings=\"{&quot;background_background&quot;:&quot;classic&quot;}\">\n\t\t\t\t<div class=\"elementor-element elementor-element-61527a0 elementor-widget elementor-widget-heading\" data-id=\"61527a0\" data-element_type=\"widget\" data-widget_type=\"heading.default\">\n\t\t\t\t<div class=\"elementor-widget-container\">\n\t\t\t\t\t<p class=\"elementor-heading-title elementor-size-default\">La informaci\u00f3n contenida en este sitio web es s\u00f3lo para fines de informaci\u00f3n general. <br>\n<br>La informaci\u00f3n es proporcionada por Osaka Building y, si bien nos esforzamos por mantener la informaci\u00f3n actualizada y correcta, no hacemos declaraciones ni garant\u00edas de ning\u00fan tipo, expresas o impl\u00edcitas, sobre la integridad, precisi\u00f3n, confiabilidad, idoneidad o disponibilidad con respecto al sitio web o la informaci\u00f3n, productos, servicios o gr\u00e1ficos relacionados contenidos en el sitio web para cualquier prop\u00f3sito. <br>Por lo tanto, cualquier confianza que deposite en dicha informaci\u00f3n es estrictamente bajo su propio riesgo.<br>\n\n<br>En ning\u00fan caso seremos responsables de ninguna p\u00e9rdida o da\u00f1o, incluidos, entre otros, p\u00e9rdidas o da\u00f1os indirectos o consecuentes, o cualquier p\u00e9rdida o da\u00f1o que surja de la p\u00e9rdida de datos o ganancias que surjan de, o en relaci\u00f3n con, el uso de este sitio web.<br>\n\n<br>A trav\u00e9s de este sitio web, puede vincularse a otros sitios web que no est\u00e1n bajo el control de Osaka Building. <br>\n\n<br>No tenemos control sobre la naturaleza, el contenido y la disponibilidad de esos sitios. <br>\n\n<br>La inclusi\u00f3n de cualquier enlace no implica necesariamente una recomendaci\u00f3n ni respalda las opiniones expresadas en ellos.<br>\n\n<br>Se hace todo lo posible para mantener el sitio web en funcionamiento sin problemas. Sin embargo, Osaka Building no asume ninguna responsabilidad por la falta de disponibilidad temporal del sitio web debido a problemas t\u00e9cnicos que escapan a nuestro control.<\/p>\t\t\t\t<\/div>\n\t\t\t\t<\/div>\n\t\t\t\t<\/div>\n\t\t\t\t<\/div>","protected":false},"excerpt":{"rendered":"<p>DESCARGOS DE RESPONSABILIDAD La informaci\u00f3n contenida en este sitio web es s\u00f3lo para fines de informaci\u00f3n general. La informaci\u00f3n es [&hellip;]<\/p>","protected":false},"author":1,"featured_media":0,"parent":0,"menu_order":0,"comment_status":"closed","ping_status":"closed","template":"elementor_header_footer","meta":{"_eb_attr":"","site-sidebar-layout":"no-sidebar","site-content-layout":"","ast-site-content-layout":"full-width-container","site-content-style":"default","site-sidebar-style":"default","ast-global-header-display":"","ast-banner-title-visibility":"","ast-main-header-display":"","ast-hfb-above-header-display":"","ast-hfb-below-header-display":"","ast-hfb-mobile-header-display":"","site-post-title":"disabled","ast-breadcrumbs-content":"","ast-featured-img":"disabled","footer-sml-layout":"","theme-transparent-header-meta":"","adv-header-id-meta":"","stick-header-meta":"","header-above-stick-meta":"","header-main-stick-meta":"","header-below-stick-meta":"","astra-migrate-meta-layouts":"default","ast-page-background-enabled":"default","ast-page-background-meta":{"desktop":{"background-color":"var(--ast-global-color-4)","background-image":"","background-repeat":"repeat","background-position":"center center","background-size":"auto","background-attachment":"scroll","background-type":"","background-media":"","overlay-type":"","overlay-color":"","overlay-opacity":"","overlay-gradient":""},"tablet":{"background-color":"","background-image":"","background-repeat":"repeat","background-position":"center center","background-size":"auto","background-attachment":"scroll","background-type":"","background-media":"","overlay-type":"","overlay-color":"","overlay-opacity":"","overlay-gradient":""},"mobile":{"background-color":"","background-image":"","background-repeat":"repeat","background-position":"center center","background-size":"auto","background-attachment":"scroll","background-type":"","background-media":"","overlay-type":"","overlay-color":"","overlay-opacity":"","overlay-gradient":""}},"ast-content-background-meta":{"desktop":{"background-color":"var(--ast-global-color-5)","background-image":"","background-repeat":"repeat","background-position":"center center","background-size":"auto","background-attachment":"scroll","background-type":"","background-media":"","overlay-type":"","overlay-color":"","overlay-opacity":"","overlay-gradient":""},"tablet":{"background-color":"var(--ast-global-color-5)","background-image":"","background-repeat":"repeat","background-position":"center center","background-size":"auto","background-attachment":"scroll","background-type":"","background-media":"","overlay-type":"","overlay-color":"","overlay-opacity":"","overlay-gradient":""},"mobile":{"background-color":"var(--ast-global-color-5)","background-image":"","background-repeat":"repeat","background-position":"center center","background-size":"auto","background-attachment":"scroll","background-type":"","background-media":"","overlay-type":"","overlay-color":"","overlay-opacity":"","overlay-gradient":""}},"_joinchat":[],"footnotes":""},"class_list":["post-414","page","type-page","status-publish","hentry"],"_links":{"self":[{"href":"https:\/\/osakabuilding.com\/eng\/wp-json\/wp\/v2\/pages\/414","targetHints":{"allow":["GET"]}}],"collection":[{"href":"https:\/\/osakabuilding.com\/eng\/wp-json\/wp\/v2\/pages"}],"about":[{"href":"https:\/\/osakabuilding.com\/eng\/wp-json\/wp\/v2\/types\/page"}],"author":[{"embeddable":true,"href":"https:\/\/osakabuilding.com\/eng\/wp-json\/wp\/v2\/users\/1"}],"replies":[{"embeddable":true,"href":"https:\/\/osakabuilding.com\/eng\/wp-json\/wp\/v2\/comments?post=414"}],"version-history":[{"count":22,"href":"https:\/\/osakabuilding.com\/eng\/wp-json\/wp\/v2\/pages\/414\/revisions"}],"predecessor-version":[{"id":2158,"href":"https:\/\/osakabuilding.com\/eng\/wp-json\/wp\/v2\/pages\/414\/revisions\/2158"}],"wp:attachment":[{"href":"https:\/\/osakabuilding.com\/eng\/wp-json\/wp\/v2\/media?parent=414"}],"curies":[{"name":"wp","href":"https:\/\/api.w.org\/{rel}","templated":true}]}}